{"id":3154,"date":"2019-07-22T15:10:36","date_gmt":"2019-07-22T13:10:36","guid":{"rendered":"https:\/\/axel-alletru.com\/?page_id=3154"},"modified":"2020-10-27T16:17:50","modified_gmt":"2020-10-27T15:17:50","slug":"blog","status":"publish","type":"page","link":"https:\/\/axel-alletru.com\/cs\/blog\/","title":{"rendered":"Blog"},"content":{"rendered":"<p>[et_pb_section fb_built=\u00a0\u00bb1&Prime; _builder_version=\u00a0\u00bb4.6.5&Prime; custom_margin=\u00a0\u00bb80px||||false|false\u00a0\u00bb][et_pb_row _builder_version=\u00a0\u00bb3.26.3&Prime;][et_pb_column type=\u00a0\u00bb4_4&Prime; _builder_version=\u00a0\u00bb3.26.3&Prime;][et_pb_blog fullwidth=\u00a0\u00bboff\u00a0\u00bb include_categories=\u00a0\u00bb48&Prime; show_more=\u00a0\u00bbon\u00a0\u00bb show_author=\u00a0\u00bboff\u00a0\u00bb show_date=\u00a0\u00bboff\u00a0\u00bb show_categories=\u00a0\u00bboff\u00a0\u00bb _builder_version=\u00a0\u00bb3.26.3&Prime;][\/et_pb_blog][\/et_pb_column][\/et_pb_row][\/et_pb_section]<\/p>\n","protected":false},"excerpt":{"rendered":"","protected":false},"author":2,"featured_media":0,"parent":0,"menu_order":9,"comment_status":"closed","ping_status":"closed","template":"","meta":{"_et_pb_use_builder":"on","_et_pb_old_content":"","_et_gb_content_width":"","footnotes":""},"class_list":["post-3154","page","type-page","status-publish","hentry"],"yoast_head":"<!-- This site is optimized with the Yoast SEO plugin v27.3 - https:\/\/yoast.com\/product\/yoast-seo-wordpress\/ -->\n<title>Blog - Axel All\u00e9tru<\/title>\n<meta name=\"description\" content=\"Champion France 50m nage papillon, m\u00e9daill\u00e9 d\u2019or European Masters Games, recordman France 50-100m nage libre (handisport), Axel est Conf\u00e9rencier professionnel.\" \/>\n<meta name=\"robots\" content=\"index, follow, max-snippet:-1, max-image-preview:large, max-video-preview:-1\" \/>\n<link rel=\"canonical\" href=\"https:\/\/axel-alletru.com\/cs\/blog\/\" \/>\n<meta property=\"og:locale\" content=\"cs_CZ\" \/>\n<meta property=\"og:type\" content=\"article\" \/>\n<meta property=\"og:title\" content=\"Blog - Axel All\u00e9tru\" \/>\n<meta property=\"og:description\" content=\"Champion France 50m nage papillon, m\u00e9daill\u00e9 d\u2019or European Masters Games, recordman France 50-100m nage libre (handisport), Axel est Conf\u00e9rencier professionnel.\" \/>\n<meta property=\"og:url\" content=\"https:\/\/axel-alletru.com\/cs\/blog\/\" \/>\n<meta property=\"og:site_name\" content=\"Axel All\u00e9tru\" \/>\n<meta property=\"article:publisher\" content=\"https:\/\/www.facebook.com\/pages\/Axel-All%c3%a9tru\/695720100461502?fref=ts\" \/>\n<meta property=\"article:modified_time\" content=\"2020-10-27T15:17:50+00:00\" \/>\n<meta name=\"twitter:card\" content=\"summary_large_image\" \/>\n<meta name=\"twitter:site\" content=\"@AxelAlletru\" \/>\n<script type=\"application\/ld+json\" class=\"yoast-schema-graph\">{\"@context\":\"https:\\\/\\\/schema.org\",\"@graph\":[{\"@type\":\"WebPage\",\"@id\":\"https:\\\/\\\/axel-alletru.com\\\/blog\\\/\",\"url\":\"https:\\\/\\\/axel-alletru.com\\\/blog\\\/\",\"name\":\"Blog - Axel All\u00e9tru\",\"isPartOf\":{\"@id\":\"https:\\\/\\\/axel-alletru.com\\\/#website\"},\"datePublished\":\"2019-07-22T13:10:36+00:00\",\"dateModified\":\"2020-10-27T15:17:50+00:00\",\"description\":\"Champion France 50m nage papillon, m\u00e9daill\u00e9 d\u2019or European Masters Games, recordman France 50-100m nage libre (handisport), Axel est Conf\u00e9rencier professionnel.\",\"breadcrumb\":{\"@id\":\"https:\\\/\\\/axel-alletru.com\\\/blog\\\/#breadcrumb\"},\"inLanguage\":\"cs\",\"potentialAction\":[{\"@type\":\"ReadAction\",\"target\":[\"https:\\\/\\\/axel-alletru.com\\\/blog\\\/\"]}]},{\"@type\":\"BreadcrumbList\",\"@id\":\"https:\\\/\\\/axel-alletru.com\\\/blog\\\/#breadcrumb\",\"itemListElement\":[{\"@type\":\"ListItem\",\"position\":1,\"name\":\"Accueil\",\"item\":\"https:\\\/\\\/axel-alletru.com\\\/\"},{\"@type\":\"ListItem\",\"position\":2,\"name\":\"Blog\"}]},{\"@type\":\"WebSite\",\"@id\":\"https:\\\/\\\/axel-alletru.com\\\/#website\",\"url\":\"https:\\\/\\\/axel-alletru.com\\\/\",\"name\":\"Axel All\u00e9tru\",\"description\":\"Derri\u00e8re l&#039;impossible se cache toujours un possible.\",\"potentialAction\":[{\"@type\":\"SearchAction\",\"target\":{\"@type\":\"EntryPoint\",\"urlTemplate\":\"https:\\\/\\\/axel-alletru.com\\\/?s={search_term_string}\"},\"query-input\":{\"@type\":\"PropertyValueSpecification\",\"valueRequired\":true,\"valueName\":\"search_term_string\"}}],\"inLanguage\":\"cs\"}]}<\/script>\n<!-- \/ Yoast SEO plugin. -->","yoast_head_json":{"title":"Blog - Axel All\u00e9tru","description":"Francouzsk\u00fd \u0161ampion na 50 m mot\u00fdlek, zlat\u00fd medailista z European Masters Games, francouzsk\u00fd rekordman na 50-100 m voln\u00fd zp\u016fsob (handisport), Axel je profesion\u00e1ln\u00ed \u0159e\u010dn\u00edk.","robots":{"index":"index","follow":"follow","max-snippet":"max-snippet:-1","max-image-preview":"max-image-preview:large","max-video-preview":"max-video-preview:-1"},"canonical":"https:\/\/axel-alletru.com\/cs\/blog\/","og_locale":"cs_CZ","og_type":"article","og_title":"Blog - Axel All\u00e9tru","og_description":"Champion France 50m nage papillon, m\u00e9daill\u00e9 d\u2019or European Masters Games, recordman France 50-100m nage libre (handisport), Axel est Conf\u00e9rencier professionnel.","og_url":"https:\/\/axel-alletru.com\/cs\/blog\/","og_site_name":"Axel All\u00e9tru","article_publisher":"https:\/\/www.facebook.com\/pages\/Axel-All%c3%a9tru\/695720100461502?fref=ts","article_modified_time":"2020-10-27T15:17:50+00:00","twitter_card":"summary_large_image","twitter_site":"@AxelAlletru","schema":{"@context":"https:\/\/schema.org","@graph":[{"@type":"WebPage","@id":"https:\/\/axel-alletru.com\/blog\/","url":"https:\/\/axel-alletru.com\/blog\/","name":"Blog - Axel All\u00e9tru","isPartOf":{"@id":"https:\/\/axel-alletru.com\/#website"},"datePublished":"2019-07-22T13:10:36+00:00","dateModified":"2020-10-27T15:17:50+00:00","description":"Francouzsk\u00fd \u0161ampion na 50 m mot\u00fdlek, zlat\u00fd medailista z European Masters Games, francouzsk\u00fd rekordman na 50-100 m voln\u00fd zp\u016fsob (handisport), Axel je profesion\u00e1ln\u00ed \u0159e\u010dn\u00edk.","breadcrumb":{"@id":"https:\/\/axel-alletru.com\/blog\/#breadcrumb"},"inLanguage":"cs","potentialAction":[{"@type":"ReadAction","target":["https:\/\/axel-alletru.com\/blog\/"]}]},{"@type":"BreadcrumbList","@id":"https:\/\/axel-alletru.com\/blog\/#breadcrumb","itemListElement":[{"@type":"ListItem","position":1,"name":"Accueil","item":"https:\/\/axel-alletru.com\/"},{"@type":"ListItem","position":2,"name":"Blog"}]},{"@type":"WebSite","@id":"https:\/\/axel-alletru.com\/#website","url":"https:\/\/axel-alletru.com\/","name":"Axel All\u00e9tru","description":"Za nemo\u017en\u00fdm je v\u017edy mo\u017enost.","potentialAction":[{"@type":"SearchAction","target":{"@type":"EntryPoint","urlTemplate":"https:\/\/axel-alletru.com\/?s={search_term_string}"},"query-input":{"@type":"PropertyValueSpecification","valueRequired":true,"valueName":"search_term_string"}}],"inLanguage":"cs"}]}},"_links":{"self":[{"href":"https:\/\/axel-alletru.com\/cs\/wp-json\/wp\/v2\/pages\/3154","targetHints":{"allow":["GET"]}}],"collection":[{"href":"https:\/\/axel-alletru.com\/cs\/wp-json\/wp\/v2\/pages"}],"about":[{"href":"https:\/\/axel-alletru.com\/cs\/wp-json\/wp\/v2\/types\/page"}],"author":[{"embeddable":true,"href":"https:\/\/axel-alletru.com\/cs\/wp-json\/wp\/v2\/users\/2"}],"replies":[{"embeddable":true,"href":"https:\/\/axel-alletru.com\/cs\/wp-json\/wp\/v2\/comments?post=3154"}],"version-history":[{"count":0,"href":"https:\/\/axel-alletru.com\/cs\/wp-json\/wp\/v2\/pages\/3154\/revisions"}],"wp:attachment":[{"href":"https:\/\/axel-alletru.com\/cs\/wp-json\/wp\/v2\/media?parent=3154"}],"curies":[{"name":"wp","href":"https:\/\/api.w.org\/{rel}","templated":true}]}}