{"id":2489,"date":"2019-04-25T10:57:04","date_gmt":"2019-04-25T08:57:04","guid":{"rendered":"https:\/\/axel-alletru.com\/?page_id=2489"},"modified":"2023-02-08T15:20:44","modified_gmt":"2023-02-08T14:20:44","slug":"livre","status":"publish","type":"page","link":"https:\/\/axel-alletru.com\/cs\/livre\/","title":{"rendered":"Rezervovat"},"content":{"rendered":"<p>[et_pb_section fb_built=\u00a0\u00bb1&Prime; custom_padding_last_edited=\u00a0\u00bbon|tablet\u00a0\u00bb admin_label=\u00a0\u00bbBest Selling Book Section\u00a0\u00bb _builder_version=\u00a0\u00bb4.16&Prime; background_color=\u00a0\u00bb#ffffff\u00a0\u00bb background_enable_image=\u00a0\u00bboff\u00a0\u00bb custom_padding=\u00a0\u00bb100px|0|100px||false|false\u00a0\u00bb custom_padding_tablet=\u00a0\u00bb80px||80px||false|false\u00a0\u00bb custom_padding_phone=\u00a0\u00bb70px||70px||false|false\u00a0\u00bb background_last_edited=\u00a0\u00bbon|phone\u00a0\u00bb background_color_gradient_direction_tablet=\u00a0\u00bb180deg\u00a0\u00bb background_color_gradient_stops_tablet=\u00a0\u00bb#2b87da 30%|#29c4a9 100%\u00a0\u00bb background_color_gradient_start_position_tablet=\u00a0\u00bb30%\u00a0\u00bb global_colors_info=\u00a0\u00bb{}\u00a0\u00bb][et_pb_row column_structure=\u00a0\u00bb1_2,1_2&Prime; _builder_version=\u00a0\u00bb4.16&Prime; background_size=\u00a0\u00bbinitial\u00a0\u00bb background_position=\u00a0\u00bbtop_left\u00a0\u00bb background_repeat=\u00a0\u00bbrepeat\u00a0\u00bb max_width=\u00a0\u00bb1160px\u00a0\u00bb global_colors_info=\u00a0\u00bb{}\u00a0\u00bb][et_pb_column type=\u00a0\u00bb1_2&Prime; _builder_version=\u00a0\u00bb4.16&Prime; custom_padding=\u00a0\u00bb|||\u00a0\u00bb global_colors_info=\u00a0\u00bb{}\u00a0\u00bb custom_padding__hover=\u00a0\u00bb|||\u00a0\u00bb][et_pb_image src=\u00a0\u00bbhttps:\/\/axel-alletru.com\/wp-content\/uploads\/2020\/10\/preface-livre-finale.jpg\u00a0\u00bb title_text=\u00a0\u00bbpreface-livre-finale\u00a0\u00bb align_tablet=\u00a0\u00bbcenter\u00a0\u00bb align_phone=\u00a0\u00bb\u00a0\u00bb align_last_edited=\u00a0\u00bbon|desktop\u00a0\u00bb _builder_version=\u00a0\u00bb4.16&Prime; max_width=\u00a0\u00bb520px\u00a0\u00bb animation_direction=\u00a0\u00bbleft\u00a0\u00bb border_radii=\u00a0\u00bbon|6px|6px|6px|6px\u00a0\u00bb box_shadow_style=\u00a0\u00bbpreset3&Prime; box_shadow_vertical=\u00a0\u00bb35px\u00a0\u00bb box_shadow_blur=\u00a0\u00bb70px\u00a0\u00bb box_shadow_spread=\u00a0\u00bb-35px\u00a0\u00bb box_shadow_color=\u00a0\u00bbrgba(0,0,0,0.6)\u00a0\u00bb global_colors_info=\u00a0\u00bb{}\u00a0\u00bb][\/et_pb_image][\/et_pb_column][et_pb_column type=\u00a0\u00bb1_2&Prime; _builder_version=\u00a0\u00bb4.16&Prime; custom_padding=\u00a0\u00bb10px||||false|false\u00a0\u00bb global_colors_info=\u00a0\u00bb{}\u00a0\u00bb custom_padding__hover=\u00a0\u00bb|||\u00a0\u00bb][et_pb_text admin_label=\u00a0\u00bbTitle\u00a0\u00bb _builder_version=\u00a0\u00bb4.16&Prime; text_font=\u00a0\u00bbNunito|600|||||||\u00a0\u00bb text_font_size=\u00a0\u00bb17px\u00a0\u00bb header_font=\u00a0\u00bbAbhaya Libre|700|||||||\u00a0\u00bb header_font_size=\u00a0\u00bb70px\u00a0\u00bb header_line_height=\u00a0\u00bb1.2em\u00a0\u00bb header_4_font=\u00a0\u00bbOswald|500||on|||||\u00a0\u00bb header_4_text_color=\u00a0\u00bb#000000&Prime; header_4_font_size=\u00a0\u00bb46px\u00a0\u00bb header_4_line_height=\u00a0\u00bb1.1em\u00a0\u00bb custom_margin=\u00a0\u00bb||40px|\u00a0\u00bb custom_margin_tablet=\u00a0\u00bb20px||||false|false\u00a0\u00bb custom_margin_phone=\u00a0\u00bb\u00a0\u00bb custom_margin_last_edited=\u00a0\u00bbon|phone\u00a0\u00bb animation_direction=\u00a0\u00bbright\u00a0\u00bb header_font_size_tablet=\u00a0\u00bb40px\u00a0\u00bb header_font_size_phone=\u00a0\u00bb\u00a0\u00bb header_font_size_last_edited=\u00a0\u00bbon|tablet\u00a0\u00bb header_4_text_align_tablet=\u00a0\u00bbcenter\u00a0\u00bb header_4_text_align_phone=\u00a0\u00bb\u00a0\u00bb header_4_text_align_last_edited=\u00a0\u00bbon|tablet\u00a0\u00bb header_4_font_size_tablet=\u00a0\u00bb55px\u00a0\u00bb header_4_font_size_phone=\u00a0\u00bb35px\u00a0\u00bb header_4_font_size_last_edited=\u00a0\u00bbon|phone\u00a0\u00bb text_orientation_tablet=\u00a0\u00bbcenter\u00a0\u00bb text_orientation_phone=\u00a0\u00bb\u00a0\u00bb text_orientation_last_edited=\u00a0\u00bbon|tablet\u00a0\u00bb global_colors_info=\u00a0\u00bb{}\u00a0\u00bb]<\/p>\n<h4><span>28 Principes pour rebondir<br \/> <\/span><\/h4>\n<p>Par Axel Alletru<\/p>\n<p>[\/et_pb_text][et_pb_button button_url=\u00a0\u00bbhttps:\/\/www.amazon.fr\/Principes-pour-rebondir-Axel-Alletru-ebook\/dp\/B07D5KZRXG\u00a0\u00bb button_text=\u00a0\u00bbCommander\u00a0\u00bb button_alignment_tablet=\u00a0\u00bbcenter\u00a0\u00bb button_alignment_phone=\u00a0\u00bb\u00a0\u00bb button_alignment_last_edited=\u00a0\u00bbon|tablet\u00a0\u00bb _builder_version=\u00a0\u00bb4.16&Prime; custom_button=\u00a0\u00bbon\u00a0\u00bb button_text_size=\u00a0\u00bb17px\u00a0\u00bb button_text_color=\u00a0\u00bb#ffffff\u00a0\u00bb button_bg_color=\u00a0\u00bb#02FD9C\u00a0\u00bb button_border_width=\u00a0\u00bb0px\u00a0\u00bb button_border_color=\u00a0\u00bb#0FE1DA\u00a0\u00bb button_border_radius=\u00a0\u00bb0px\u00a0\u00bb button_letter_spacing=\u00a0\u00bb2px\u00a0\u00bb button_font=\u00a0\u00bbSource Sans Pro|700||on|||||\u00a0\u00bb button_use_icon=\u00a0\u00bboff\u00a0\u00bb custom_margin=\u00a0\u00bb-15px|||0px|false|false\u00a0\u00bb custom_padding=\u00a0\u00bb12px|22px|12px|22px|true|true\u00a0\u00bb box_shadow_horizontal_last_edited=\u00a0\u00bboff|desktop\u00a0\u00bb locked=\u00a0\u00bboff\u00a0\u00bb global_colors_info=\u00a0\u00bb{}\u00a0\u00bb button_text_size__hover_enabled=\u00a0\u00bboff\u00a0\u00bb button_one_text_size__hover_enabled=\u00a0\u00bboff\u00a0\u00bb button_two_text_size__hover_enabled=\u00a0\u00bboff\u00a0\u00bb button_text_color__hover_enabled=\u00a0\u00bboff\u00a0\u00bb button_one_text_color__hover_enabled=\u00a0\u00bboff\u00a0\u00bb button_two_text_color__hover_enabled=\u00a0\u00bboff\u00a0\u00bb button_border_width__hover_enabled=\u00a0\u00bboff\u00a0\u00bb button_one_border_width__hover_enabled=\u00a0\u00bboff\u00a0\u00bb button_two_border_width__hover_enabled=\u00a0\u00bboff\u00a0\u00bb button_border_color__hover_enabled=\u00a0\u00bboff\u00a0\u00bb button_one_border_color__hover_enabled=\u00a0\u00bboff\u00a0\u00bb button_two_border_color__hover_enabled=\u00a0\u00bboff\u00a0\u00bb button_border_radius__hover_enabled=\u00a0\u00bboff\u00a0\u00bb button_one_border_radius__hover_enabled=\u00a0\u00bboff\u00a0\u00bb button_two_border_radius__hover_enabled=\u00a0\u00bboff\u00a0\u00bb button_letter_spacing__hover_enabled=\u00a0\u00bboff\u00a0\u00bb button_one_letter_spacing__hover_enabled=\u00a0\u00bboff\u00a0\u00bb button_two_letter_spacing__hover_enabled=\u00a0\u00bboff\u00a0\u00bb button_bg_color__hover_enabled=\u00a0\u00bbon|hover\u00a0\u00bb button_one_bg_color__hover_enabled=\u00a0\u00bboff\u00a0\u00bb button_two_bg_color__hover_enabled=\u00a0\u00bboff\u00a0\u00bb box_shadow_horizontal__hover_enabled=\u00a0\u00bbon|hover\u00a0\u00bb box_shadow_vertical__hover_enabled=\u00a0\u00bbon|desktop\u00a0\u00bb box_shadow_horizontal__hover=\u00a0\u00bb8px\u00a0\u00bb box_shadow_vertical__hover=\u00a0\u00bb8px\u00a0\u00bb custom_margin__hover_enabled=\u00a0\u00bboff|hover\u00a0\u00bb custom_margin__hover=\u00a0\u00bb32px|||-8px|false|false\u00a0\u00bb button_bg_color__hover=\u00a0\u00bb#02d88d\u00a0\u00bb][\/et_pb_button][et_pb_text _builder_version=\u00a0\u00bb4.16&Prime; text_font=\u00a0\u00bbNunito||||||||\u00a0\u00bb text_font_size=\u00a0\u00bb18px\u00a0\u00bb text_line_height=\u00a0\u00bb1.6em\u00a0\u00bb header_font=\u00a0\u00bb||||||||\u00a0\u00bb animation_direction=\u00a0\u00bbright\u00a0\u00bb text_orientation_tablet=\u00a0\u00bbcenter\u00a0\u00bb text_orientation_phone=\u00a0\u00bb\u00a0\u00bb text_orientation_last_edited=\u00a0\u00bbon|tablet\u00a0\u00bb global_colors_info=\u00a0\u00bb{}\u00a0\u00bb]<\/p>\n<p>Comment rebondir apr\u00e8s un \u00e9chec ? Comment continuer \u00e0 r\u00eaver apr\u00e8s un accident tragique ? Comment se d\u00e9passer apr\u00e8s avoir atteint le \u201csucc\u00e8s\u201d ? Comment faire pour ne pas stagner et se contenter d\u2019une vie m\u00e9diocre alors qu\u2019on peut nager dans le bonheur ?<\/p>\n<p><strong>Ce livre r\u00e9pond \u00e0 tous ces questionnements qui taraudent l\u2019esprit de plusieurs d\u2019entre vous.<\/strong><\/p>\n<p>[\/et_pb_text][et_pb_text _builder_version=\u00a0\u00bb4.16&Prime; text_font=\u00a0\u00bbSource Sans Pro|600|||||||\u00a0\u00bb text_text_color=\u00a0\u00bb#02db8f\u00a0\u00bb text_font_size=\u00a0\u00bb21px\u00a0\u00bb text_line_height=\u00a0\u00bb1.1em\u00a0\u00bb background_color=\u00a0\u00bb#ffffff\u00a0\u00bb z_index=\u00a0\u00bb50&Prime; text_orientation=\u00a0\u00bbcenter\u00a0\u00bb max_width=\u00a0\u00bb520px\u00a0\u00bb custom_padding=\u00a0\u00bb20px||\u00a0\u00bb border_radii=\u00a0\u00bbon|10px|10px|10px|10px\u00a0\u00bb global_colors_info=\u00a0\u00bb{}\u00a0\u00bb]<\/p>\n<p>\u00c0 quelle adresse voulez-vous recevoir votre extrait ?<\/p>\n<p>[\/et_pb_text][et_pb_signup mailchimp_list=\u00a0\u00bbcontactaxel|02229e77b7&Prime; layout=\u00a0\u00bbtop_bottom\u00a0\u00bb first_name_field=\u00a0\u00bboff\u00a0\u00bb last_name_field=\u00a0\u00bboff\u00a0\u00bb success_message=\u00a0\u00bbVotre extrait vient d&rsquo;\u00eatre envoy\u00e9. V\u00e9rifiez vos spam.\u00a0\u00bb button_text=\u00a0\u00bbRECEVOIR L&rsquo;EXTRAIT*\u00a0\u00bb footer_content=\u00a0\u00bb<\/p>\n<p>*En saisissant mon mail, j&rsquo;accepte que les donn\u00e9es saisies dans le formulaire ci-dessus soient utilis\u00e9es pour me recontacter dans le cadre de ma demande, conform\u00e9ment \u00e0 notre politique de confidentialit\u00e9.<br \/>En saisissant mon mail, j&rsquo;autorise Axel Alletru \u00e0 m&rsquo;envoyer ses offres promotionnelles dont je pourrais me d\u00e9sinscrire \u00e0 tout moment.<\/p>\n<p>\u00a0\u00bb _builder_version=\u00a0\u00bb4.19.0&Prime; form_field_background_color=\u00a0\u00bb#efefef\u00a0\u00bb form_field_text_color=\u00a0\u00bb#000000&Prime; body_font=\u00a0\u00bbSource Sans Pro||on||||||\u00a0\u00bb body_text_color=\u00a0\u00bbrgba(0,0,0,0.6)\u00a0\u00bb body_line_height=\u00a0\u00bb1.5em\u00a0\u00bb result_message_font=\u00a0\u00bb||||||||\u00a0\u00bb result_message_text_color=\u00a0\u00bb#000000&Prime; form_field_font=\u00a0\u00bbSource Sans Pro||||||||\u00a0\u00bb background_color=\u00a0\u00bb#ffffff\u00a0\u00bb custom_button=\u00a0\u00bbon\u00a0\u00bb button_text_color=\u00a0\u00bb#ffffff\u00a0\u00bb button_bg_color=\u00a0\u00bb#02FD9C\u00a0\u00bb button_border_width=\u00a0\u00bb0px\u00a0\u00bb button_border_color=\u00a0\u00bb#0fe1da\u00a0\u00bb button_font=\u00a0\u00bbSource Sans Pro|700||on|||||\u00a0\u00bb button_use_icon=\u00a0\u00bboff\u00a0\u00bb width=\u00a0\u00bb100%\u00a0\u00bb max_width=\u00a0\u00bb520px\u00a0\u00bb custom_margin=\u00a0\u00bb-60px||||false|false\u00a0\u00bb custom_padding=\u00a0\u00bb||20px||false|false\u00a0\u00bb hover_enabled=\u00a0\u00bb0&Prime; border_radii=\u00a0\u00bbon|10px|10px|10px|10px\u00a0\u00bb box_shadow_style=\u00a0\u00bbpreset1&Prime; box_shadow_blur=\u00a0\u00bb47px\u00a0\u00bb box_shadow_color=\u00a0\u00bbrgba(0,0,0,0.1)\u00a0\u00bb global_colors_info=\u00a0\u00bb{}\u00a0\u00bb button_bg_color__hover_enabled=\u00a0\u00bbon|hover\u00a0\u00bb button_bg_color__hover=\u00a0\u00bb#02db8b\u00a0\u00bb button_bg_enable_color__hover=\u00a0\u00bbon\u00a0\u00bb use_spam_service=\u00a0\u00bbon\u00a0\u00bb recaptcha_list=\u00a0\u00bbaxel-alletrucom|axel-alletrucom-0&Prime; sticky_enabled=\u00a0\u00bb0&Prime;][\/et_pb_signup][\/et_pb_column][\/et_pb_row][\/et_pb_section][et_pb_section fb_built=\u00a0\u00bb1&Prime; _builder_version=\u00a0\u00bb4.16&Prime; global_colors_info=\u00a0\u00bb{}\u00a0\u00bb][et_pb_row _builder_version=\u00a0\u00bb4.16&Prime; max_width=\u00a0\u00bb1400px\u00a0\u00bb custom_padding=\u00a0\u00bb||0px|||\u00a0\u00bb global_colors_info=\u00a0\u00bb{}\u00a0\u00bb][et_pb_column type=\u00a0\u00bb4_4&Prime; _builder_version=\u00a0\u00bb4.16&Prime; background_color=\u00a0\u00bb#181818&Prime; custom_padding=\u00a0\u00bb|||\u00a0\u00bb global_colors_info=\u00a0\u00bb{}\u00a0\u00bb custom_padding__hover=\u00a0\u00bb|||\u00a0\u00bb][et_pb_text _builder_version=\u00a0\u00bb4.16&Prime; header_font=\u00a0\u00bb||||||||\u00a0\u00bb header_2_font=\u00a0\u00bbSource Sans Pro|600||on|||||\u00a0\u00bb header_2_text_align=\u00a0\u00bbleft\u00a0\u00bb header_2_text_color=\u00a0\u00bb#ffffff\u00a0\u00bb header_2_font_size=\u00a0\u00bb30px\u00a0\u00bb custom_margin=\u00a0\u00bb||||true\u00a0\u00bb custom_padding=\u00a0\u00bb10px||10px||true\u00a0\u00bb border_color_all=\u00a0\u00bb#0fe1da\u00a0\u00bb border_width_left=\u00a0\u00bb10px\u00a0\u00bb border_color_left=\u00a0\u00bb#0fe1da\u00a0\u00bb global_colors_info=\u00a0\u00bb{}\u00a0\u00bb]<\/p>\n<h2>\u00a0 AVIS<\/h2>\n<p>[\/et_pb_text][\/et_pb_column][\/et_pb_row][et_pb_row _builder_version=\u00a0\u00bb4.16&Prime; custom_padding=\u00a0\u00bb25.5938px|0px|0|0px|false|false\u00a0\u00bb global_colors_info=\u00a0\u00bb{}\u00a0\u00bb][et_pb_column type=\u00a0\u00bb4_4&Prime; _builder_version=\u00a0\u00bb4.16&Prime; custom_padding=\u00a0\u00bb|||\u00a0\u00bb global_colors_info=\u00a0\u00bb{}\u00a0\u00bb custom_padding__hover=\u00a0\u00bb|||\u00a0\u00bb][et_pb_testimonial_slider posts_number=\u00a0\u00bb9&Prime; orderby=\u00a0\u00bbrand\u00a0\u00bb b3_testimonial_slider_display_category=\u00a0\u00bbspecificcategory\u00a0\u00bb include_categories=\u00a0\u00bb51&Prime; display_quote=\u00a0\u00bboff\u00a0\u00bb testimonial_display_star_rating=\u00a0\u00bboff\u00a0\u00bb auto_speed=\u00a0\u00bb8000&Prime; _builder_version=\u00a0\u00bb4.16&Prime; body_font=\u00a0\u00bbSource Sans Pro||||||||\u00a0\u00bb body_text_color=\u00a0\u00bb#181818&Prime; body_font_size=\u00a0\u00bb18px\u00a0\u00bb client_name_fonts_font=\u00a0\u00bbSource Sans Pro|600|||||||\u00a0\u00bb client_name_fonts_text_color=\u00a0\u00bb#0fe1da\u00a0\u00bb company_name_fonts_font=\u00a0\u00bbSource Sans Pro|600|||||||\u00a0\u00bb company_name_fonts_text_color=\u00a0\u00bb#0fe1da\u00a0\u00bb background_color=\u00a0\u00bbrgba(0,0,0,0)\u00a0\u00bb border_radii_image=\u00a0\u00bbon|50px|50px|50px|50px\u00a0\u00bb global_colors_info=\u00a0\u00bb{}\u00a0\u00bb][\/et_pb_testimonial_slider][\/et_pb_column][\/et_pb_row][\/et_pb_section]<\/p>\n","protected":false},"excerpt":{"rendered":"<p>28 Principes pour rebondir Par Axel AlletruComment rebondir apr\u00e8s un \u00e9chec ? Comment continuer \u00e0 r\u00eaver apr\u00e8s un accident tragique ? Comment se d\u00e9passer apr\u00e8s avoir atteint le \u201csucc\u00e8s\u201d ? Comment faire pour ne pas stagner et se contenter d\u2019une vie m\u00e9diocre alors qu\u2019on peut nager dans le bonheur ? Ce livre r\u00e9pond \u00e0 tous [&hellip;]<\/p>\n","protected":false},"author":2,"featured_media":0,"parent":0,"menu_order":4,"comment_status":"closed","ping_status":"closed","template":"","meta":{"_et_pb_use_builder":"on","_et_pb_old_content":"","_et_gb_content_width":"","footnotes":""},"class_list":["post-2489","page","type-page","status-publish","hentry"],"yoast_head":"<!-- This site is optimized with the Yoast SEO plugin v27.3 - https:\/\/yoast.com\/product\/yoast-seo-wordpress\/ -->\n<title>Livre Axel Alletru - D\u00e9couvrez les t\u00e9moignes des lecteurs<\/title>\n<meta name=\"description\" content=\"Dans son livre, Axel Alletru raconte son aventure et les difficult\u00e9s rencontr\u00e9es lors de sa progression. De l&#039;athel\u00e8te au conf\u00e9rencier, d\u00e9couvrez Axel.\" \/>\n<meta name=\"robots\" content=\"index, follow, max-snippet:-1, max-image-preview:large, max-video-preview:-1\" \/>\n<link rel=\"canonical\" href=\"https:\/\/axel-alletru.com\/cs\/livre\/\" \/>\n<meta property=\"og:locale\" content=\"cs_CZ\" \/>\n<meta property=\"og:type\" content=\"article\" \/>\n<meta property=\"og:title\" content=\"Livre Axel Alletru - D\u00e9couvrez les t\u00e9moignes des lecteurs\" \/>\n<meta property=\"og:description\" content=\"Dans son livre, Axel Alletru raconte son aventure et les difficult\u00e9s rencontr\u00e9es lors de sa progression. De l&#039;athel\u00e8te au conf\u00e9rencier, d\u00e9couvrez Axel.\" \/>\n<meta property=\"og:url\" content=\"https:\/\/axel-alletru.com\/cs\/livre\/\" \/>\n<meta property=\"og:site_name\" content=\"Axel All\u00e9tru\" \/>\n<meta property=\"article:publisher\" content=\"https:\/\/www.facebook.com\/pages\/Axel-All%c3%a9tru\/695720100461502?fref=ts\" \/>\n<meta property=\"article:modified_time\" content=\"2023-02-08T14:20:44+00:00\" \/>\n<meta name=\"twitter:card\" content=\"summary_large_image\" \/>\n<meta name=\"twitter:site\" content=\"@AxelAlletru\" \/>\n<meta name=\"twitter:label1\" content=\"Odhadovan\u00e1 doba \u010dten\u00ed\" \/>\n\t<meta name=\"twitter:data1\" content=\"6 minut\" \/>\n<script type=\"application\/ld+json\" class=\"yoast-schema-graph\">{\"@context\":\"https:\\\/\\\/schema.org\",\"@graph\":[{\"@type\":\"WebPage\",\"@id\":\"https:\\\/\\\/axel-alletru.com\\\/en\\\/livre\\\/\",\"url\":\"https:\\\/\\\/axel-alletru.com\\\/en\\\/livre\\\/\",\"name\":\"Livre Axel Alletru - D\u00e9couvrez les t\u00e9moignes des lecteurs\",\"isPartOf\":{\"@id\":\"https:\\\/\\\/axel-alletru.com\\\/#website\"},\"datePublished\":\"2019-04-25T08:57:04+00:00\",\"dateModified\":\"2023-02-08T14:20:44+00:00\",\"description\":\"Dans son livre, Axel Alletru raconte son aventure et les difficult\u00e9s rencontr\u00e9es lors de sa progression. De l'athel\u00e8te au conf\u00e9rencier, d\u00e9couvrez Axel.\",\"breadcrumb\":{\"@id\":\"https:\\\/\\\/axel-alletru.com\\\/en\\\/livre\\\/#breadcrumb\"},\"inLanguage\":\"cs\",\"potentialAction\":[{\"@type\":\"ReadAction\",\"target\":[\"https:\\\/\\\/axel-alletru.com\\\/en\\\/livre\\\/\"]}]},{\"@type\":\"BreadcrumbList\",\"@id\":\"https:\\\/\\\/axel-alletru.com\\\/en\\\/livre\\\/#breadcrumb\",\"itemListElement\":[{\"@type\":\"ListItem\",\"position\":1,\"name\":\"Accueil\",\"item\":\"https:\\\/\\\/axel-alletru.com\\\/\"},{\"@type\":\"ListItem\",\"position\":2,\"name\":\"Livre\"}]},{\"@type\":\"WebSite\",\"@id\":\"https:\\\/\\\/axel-alletru.com\\\/#website\",\"url\":\"https:\\\/\\\/axel-alletru.com\\\/\",\"name\":\"Axel All\u00e9tru\",\"description\":\"Derri\u00e8re l&#039;impossible se cache toujours un possible.\",\"potentialAction\":[{\"@type\":\"SearchAction\",\"target\":{\"@type\":\"EntryPoint\",\"urlTemplate\":\"https:\\\/\\\/axel-alletru.com\\\/?s={search_term_string}\"},\"query-input\":{\"@type\":\"PropertyValueSpecification\",\"valueRequired\":true,\"valueName\":\"search_term_string\"}}],\"inLanguage\":\"cs\"}]}<\/script>\n<!-- \/ Yoast SEO plugin. -->","yoast_head_json":{"title":"Kniha Axel Alletru \u2013 Objevte reference \u010dten\u00e1\u0159\u016f","description":"Axel Alletru ve sv\u00e9 knize vypr\u00e1v\u00ed o sv\u00e9m dobrodru\u017estv\u00ed a pot\u00ed\u017e\u00edch, s nimi\u017e se b\u011bhem sv\u00e9ho pokroku setkal. Objevte Axela od sportovce po \u0159e\u010dn\u00edka.","robots":{"index":"index","follow":"follow","max-snippet":"max-snippet:-1","max-image-preview":"max-image-preview:large","max-video-preview":"max-video-preview:-1"},"canonical":"https:\/\/axel-alletru.com\/cs\/livre\/","og_locale":"cs_CZ","og_type":"article","og_title":"Livre Axel Alletru - D\u00e9couvrez les t\u00e9moignes des lecteurs","og_description":"Dans son livre, Axel Alletru raconte son aventure et les difficult\u00e9s rencontr\u00e9es lors de sa progression. De l'athel\u00e8te au conf\u00e9rencier, d\u00e9couvrez Axel.","og_url":"https:\/\/axel-alletru.com\/cs\/livre\/","og_site_name":"Axel All\u00e9tru","article_publisher":"https:\/\/www.facebook.com\/pages\/Axel-All%c3%a9tru\/695720100461502?fref=ts","article_modified_time":"2023-02-08T14:20:44+00:00","twitter_card":"summary_large_image","twitter_site":"@AxelAlletru","twitter_misc":{"Odhadovan\u00e1 doba \u010dten\u00ed":"6 minut"},"schema":{"@context":"https:\/\/schema.org","@graph":[{"@type":"WebPage","@id":"https:\/\/axel-alletru.com\/en\/livre\/","url":"https:\/\/axel-alletru.com\/en\/livre\/","name":"Kniha Axel Alletru \u2013 Objevte reference \u010dten\u00e1\u0159\u016f","isPartOf":{"@id":"https:\/\/axel-alletru.com\/#website"},"datePublished":"2019-04-25T08:57:04+00:00","dateModified":"2023-02-08T14:20:44+00:00","description":"Axel Alletru ve sv\u00e9 knize vypr\u00e1v\u00ed o sv\u00e9m dobrodru\u017estv\u00ed a pot\u00ed\u017e\u00edch, s nimi\u017e se b\u011bhem sv\u00e9ho pokroku setkal. Objevte Axela od sportovce po \u0159e\u010dn\u00edka.","breadcrumb":{"@id":"https:\/\/axel-alletru.com\/en\/livre\/#breadcrumb"},"inLanguage":"cs","potentialAction":[{"@type":"ReadAction","target":["https:\/\/axel-alletru.com\/en\/livre\/"]}]},{"@type":"BreadcrumbList","@id":"https:\/\/axel-alletru.com\/en\/livre\/#breadcrumb","itemListElement":[{"@type":"ListItem","position":1,"name":"Accueil","item":"https:\/\/axel-alletru.com\/"},{"@type":"ListItem","position":2,"name":"Livre"}]},{"@type":"WebSite","@id":"https:\/\/axel-alletru.com\/#website","url":"https:\/\/axel-alletru.com\/","name":"Axel All\u00e9tru","description":"Za nemo\u017en\u00fdm je v\u017edy mo\u017enost.","potentialAction":[{"@type":"SearchAction","target":{"@type":"EntryPoint","urlTemplate":"https:\/\/axel-alletru.com\/?s={search_term_string}"},"query-input":{"@type":"PropertyValueSpecification","valueRequired":true,"valueName":"search_term_string"}}],"inLanguage":"cs"}]}},"_links":{"self":[{"href":"https:\/\/axel-alletru.com\/cs\/wp-json\/wp\/v2\/pages\/2489","targetHints":{"allow":["GET"]}}],"collection":[{"href":"https:\/\/axel-alletru.com\/cs\/wp-json\/wp\/v2\/pages"}],"about":[{"href":"https:\/\/axel-alletru.com\/cs\/wp-json\/wp\/v2\/types\/page"}],"author":[{"embeddable":true,"href":"https:\/\/axel-alletru.com\/cs\/wp-json\/wp\/v2\/users\/2"}],"replies":[{"embeddable":true,"href":"https:\/\/axel-alletru.com\/cs\/wp-json\/wp\/v2\/comments?post=2489"}],"version-history":[{"count":1,"href":"https:\/\/axel-alletru.com\/cs\/wp-json\/wp\/v2\/pages\/2489\/revisions"}],"predecessor-version":[{"id":5103,"href":"https:\/\/axel-alletru.com\/cs\/wp-json\/wp\/v2\/pages\/2489\/revisions\/5103"}],"wp:attachment":[{"href":"https:\/\/axel-alletru.com\/cs\/wp-json\/wp\/v2\/media?parent=2489"}],"curies":[{"name":"wp","href":"https:\/\/api.w.org\/{rel}","templated":true}]}}